{"id":847,"date":"2010-07-10T01:46:59","date_gmt":"2010-07-09T23:46:59","guid":{"rendered":"http:\/\/www.x-iansen.dk\/index.php\/"},"modified":"2019-08-31T09:25:02","modified_gmt":"2019-08-31T08:25:02","slug":"artikler","status":"publish","type":"page","link":"https:\/\/www.x-iansen.dk\/index.php\/udgivelser\/artikler\/","title":{"rendered":"Artikler"},"content":{"rendered":"<p>Reportage: <a href=\"http:\/\/www.klimadebat.dk\/reportage-morgencyklister-i-pitstop-rn62.php\" target=\"_blank\">Morgencyklister i pitstop<\/a>\u00a0 2. juli 2010 p\u00e5 www.klimadebat.dk<\/p>\n<p>Reportage: <a title=\"Elbiler lige om hj\u00f8rnet\" href=\"http:\/\/www.klimadebat.dk\/elbiler-lige-om-hjoernet-rn64.php\" target=\"_blank\">Elbiler lige om hj\u00f8rnet<\/a> 25. november 2012 p\u00e5 www.klimadebat.dk<\/p>\n","protected":false},"excerpt":{"rendered":"<p>Reportage: Morgencyklister i pitstop\u00a0 2. juli 2010 p\u00e5 www.klimadebat.dk Reportage: Elbiler lige om hj\u00f8rnet 25. november 2012 p\u00e5 www.klimadebat.dk<\/p>\n","protected":false},"author":1,"featured_media":0,"parent":506,"menu_order":0,"comment_status":"closed","ping_status":"open","template":"","meta":{"jetpack_post_was_ever_published":false,"footnotes":""},"jetpack_sharing_enabled":true,"jetpack_shortlink":"https:\/\/wp.me\/P6hQ7N-dF","_links":{"self":[{"href":"https:\/\/www.x-iansen.dk\/index.php\/wp-json\/wp\/v2\/pages\/847"}],"collection":[{"href":"https:\/\/www.x-iansen.dk\/index.php\/wp-json\/wp\/v2\/pages"}],"about":[{"href":"https:\/\/www.x-iansen.dk\/index.php\/wp-json\/wp\/v2\/types\/page"}],"author":[{"embeddable":true,"href":"https:\/\/www.x-iansen.dk\/index.php\/wp-json\/wp\/v2\/users\/1"}],"replies":[{"embeddable":true,"href":"https:\/\/www.x-iansen.dk\/index.php\/wp-json\/wp\/v2\/comments?post=847"}],"version-history":[{"count":5,"href":"https:\/\/www.x-iansen.dk\/index.php\/wp-json\/wp\/v2\/pages\/847\/revisions"}],"predecessor-version":[{"id":1525,"href":"https:\/\/www.x-iansen.dk\/index.php\/wp-json\/wp\/v2\/pages\/847\/revisions\/1525"}],"up":[{"embeddable":true,"href":"https:\/\/www.x-iansen.dk\/index.php\/wp-json\/wp\/v2\/pages\/506"}],"wp:attachment":[{"href":"https:\/\/www.x-iansen.dk\/index.php\/wp-json\/wp\/v2\/media?parent=847"}],"curies":[{"name":"wp","href":"https:\/\/api.w.org\/{rel}","templated":true}]}}