{"id":659,"date":"2009-08-26T08:05:25","date_gmt":"2009-08-26T07:05:25","guid":{"rendered":"http:\/\/www.x-iansen.dk\/?page_id=659"},"modified":"2019-08-31T09:25:02","modified_gmt":"2019-08-31T08:25:02","slug":"andet","status":"publish","type":"page","link":"https:\/\/www.x-iansen.dk\/index.php\/udgivelser\/andet\/","title":{"rendered":"andet&#8230;"},"content":{"rendered":"<p><strong>&#8220;RT2200-DragonFly\u2122<\/strong> transpeeding er en livsstil&#8221;\u00a0 &#8211; online p\u00e5 Systime tekstanalyse.systime.dk (m\u00e5ske ikke alligevel. Den kan hvert fald ikke findes der&#8230;)<\/p>\n<p><strong>SUNDGATAN<\/strong> p\u00e5 <a href=\"http:\/\/lit3ra2our.urbanblog.dk\/category\/manfred-christiansen\/\">lit3ra2our.urbanblog.dk<\/a><\/p>\n<p><strong>&#8220;Mit Liv som en anden&#8221;<\/strong> Til salg p\u00e5 <a href=\"http:\/\/www.novelleforlaget.dk\/novels.php?novel_id=50\" target=\"_blank\">Novelleforlaget. <\/a><\/p>\n<p><strong>&#8220;Galaktische Vorstellungen<\/strong>&#8221; overs\u00e6ttelse af min novellesamling Galaktiske forestillinger til tysk<\/p>\n","protected":false},"excerpt":{"rendered":"<p>&#8220;RT2200-DragonFly\u2122 transpeeding er en livsstil&#8221;\u00a0 &#8211; online p\u00e5 Systime tekstanalyse.systime.dk (m\u00e5ske ikke alligevel. Den kan hvert fald ikke findes der&#8230;) SUNDGATAN p\u00e5 lit3ra2our.urbanblog.dk &#8220;Mit Liv som en anden&#8221; Til salg p\u00e5 Novelleforlaget. &#8220;Galaktische Vorstellungen&#8221; overs\u00e6ttelse af min novellesamling Galaktiske forestillinger til tysk<\/p>\n","protected":false},"author":1,"featured_media":0,"parent":506,"menu_order":0,"comment_status":"closed","ping_status":"closed","template":"","meta":{"jetpack_post_was_ever_published":false,"footnotes":""},"jetpack_sharing_enabled":true,"jetpack_shortlink":"https:\/\/wp.me\/P6hQ7N-aD","_links":{"self":[{"href":"https:\/\/www.x-iansen.dk\/index.php\/wp-json\/wp\/v2\/pages\/659"}],"collection":[{"href":"https:\/\/www.x-iansen.dk\/index.php\/wp-json\/wp\/v2\/pages"}],"about":[{"href":"https:\/\/www.x-iansen.dk\/index.php\/wp-json\/wp\/v2\/types\/page"}],"author":[{"embeddable":true,"href":"https:\/\/www.x-iansen.dk\/index.php\/wp-json\/wp\/v2\/users\/1"}],"replies":[{"embeddable":true,"href":"https:\/\/www.x-iansen.dk\/index.php\/wp-json\/wp\/v2\/comments?post=659"}],"version-history":[{"count":11,"href":"https:\/\/www.x-iansen.dk\/index.php\/wp-json\/wp\/v2\/pages\/659\/revisions"}],"predecessor-version":[{"id":819,"href":"https:\/\/www.x-iansen.dk\/index.php\/wp-json\/wp\/v2\/pages\/659\/revisions\/819"}],"up":[{"embeddable":true,"href":"https:\/\/www.x-iansen.dk\/index.php\/wp-json\/wp\/v2\/pages\/506"}],"wp:attachment":[{"href":"https:\/\/www.x-iansen.dk\/index.php\/wp-json\/wp\/v2\/media?parent=659"}],"curies":[{"name":"wp","href":"https:\/\/api.w.org\/{rel}","templated":true}]}}