{"id":189,"date":"2008-12-03T08:50:52","date_gmt":"2008-12-03T07:50:52","guid":{"rendered":"http:\/\/www.x-iansen.dk\/?page_id=189"},"modified":"2019-08-31T09:25:01","modified_gmt":"2019-08-31T08:25:01","slug":"god-fisk","status":"publish","type":"page","link":"https:\/\/www.x-iansen.dk\/index.php\/me2\/god-fisk\/","title":{"rendered":"god fisk"},"content":{"rendered":"<p>1 stort l\u00f8g<br \/>\n2 fed hvidl\u00f8g<br \/>\n6 tomater<br \/>\n1r\u00f8d peber<br \/>\n1 spsk. sukker<br \/>\n1 spsk. eddike<br \/>\nsalt<br \/>\npeber<br \/>\nfiskT4 i portionsstykker l\u00e6gges i ovnfat fad og saltes<\/p>\n<p>blancher l\u00f8g og hvidl\u00f8g i olie til de er klare<br \/>\ntomat og r\u00f8d peber i tern kommes ved og koges indtil det er lidt t\u00f8rrere<br \/>\nsukker og eddike efter smag<br \/>\nsalt, peber<br \/>\nblandingen l\u00e6gges p\u00e5 fisken<br \/>\ni ovn 15 min. ved 140\u00b0<\/p>\n<p>serveres med kartofler, br\u00f8d, ris, bulgur eller tortillas<\/p>\n","protected":false},"excerpt":{"rendered":"<p>1 stort l\u00f8g 2 fed hvidl\u00f8g 6 tomater 1r\u00f8d peber 1 spsk. sukker 1 spsk. eddike salt peber fiskT4 i portionsstykker l\u00e6gges i ovnfat fad og saltes blancher l\u00f8g og hvidl\u00f8g i olie til de er klare tomat og r\u00f8d peber i tern kommes ved og koges indtil det er lidt t\u00f8rrere sukker og eddike [&hellip;]<\/p>\n","protected":false},"author":1,"featured_media":0,"parent":66,"menu_order":0,"comment_status":"closed","ping_status":"open","template":"","meta":{"jetpack_post_was_ever_published":false,"footnotes":""},"jetpack_sharing_enabled":true,"jetpack_shortlink":"https:\/\/wp.me\/P6hQ7N-33","_links":{"self":[{"href":"https:\/\/www.x-iansen.dk\/index.php\/wp-json\/wp\/v2\/pages\/189"}],"collection":[{"href":"https:\/\/www.x-iansen.dk\/index.php\/wp-json\/wp\/v2\/pages"}],"about":[{"href":"https:\/\/www.x-iansen.dk\/index.php\/wp-json\/wp\/v2\/types\/page"}],"author":[{"embeddable":true,"href":"https:\/\/www.x-iansen.dk\/index.php\/wp-json\/wp\/v2\/users\/1"}],"replies":[{"embeddable":true,"href":"https:\/\/www.x-iansen.dk\/index.php\/wp-json\/wp\/v2\/comments?post=189"}],"version-history":[{"count":6,"href":"https:\/\/www.x-iansen.dk\/index.php\/wp-json\/wp\/v2\/pages\/189\/revisions"}],"predecessor-version":[{"id":2599,"href":"https:\/\/www.x-iansen.dk\/index.php\/wp-json\/wp\/v2\/pages\/189\/revisions\/2599"}],"up":[{"embeddable":true,"href":"https:\/\/www.x-iansen.dk\/index.php\/wp-json\/wp\/v2\/pages\/66"}],"wp:attachment":[{"href":"https:\/\/www.x-iansen.dk\/index.php\/wp-json\/wp\/v2\/media?parent=189"}],"curies":[{"name":"wp","href":"https:\/\/api.w.org\/{rel}","templated":true}]}}