{"id":860,"date":"2010-07-28T21:35:27","date_gmt":"2010-07-28T20:35:27","guid":{"rendered":"http:\/\/www.x-iansen.dk\/index.php\/"},"modified":"2019-08-31T09:25:02","modified_gmt":"2019-08-31T08:25:02","slug":"gratis-roman","status":"publish","type":"page","link":"http:\/\/www.x-iansen.dk\/index.php\/udgivelser\/gratis-roman\/","title":{"rendered":"T4NKE XPr1m3nt"},"content":{"rendered":"<p><a href=\"http:\/\/www.x-iansen.dk\/wp-content\/uploads\/2012\/10\/tankXPr1m3nt.jpg\"><img decoding=\"async\" loading=\"lazy\" class=\"alignright size-medium wp-image-1356\" title=\"tankeXPr1m3nt\" src=\"http:\/\/www.x-iansen.dk\/wp-content\/uploads\/2012\/10\/tankXPr1m3nt-231x300.jpg\" alt=\"\" width=\"231\" height=\"300\" srcset=\"http:\/\/www.x-iansen.dk\/wp-content\/uploads\/2012\/10\/tankXPr1m3nt-231x300.jpg 231w, http:\/\/www.x-iansen.dk\/wp-content\/uploads\/2012\/10\/tankXPr1m3nt-115x150.jpg 115w, http:\/\/www.x-iansen.dk\/wp-content\/uploads\/2012\/10\/tankXPr1m3nt.jpg 612w\" sizes=\"(max-width: 231px) 100vw, 231px\" \/><\/a>Clement er en kreativ n\u00f8rd. Han er begavet med en matematiske og en kunstneriske evner. Et m\u00f8de med en ber\u00f8mt kunstner og et d\u00f8dsfald, han er vidne til, former hans valg af karriere. I stedet for at forf\u00f8lge sin dr\u00f8m om at blive kunstner, bliver han statistiker. Mens han arbejder p\u00e5 en opgave, opfinder han et stykke software til m\u00f8nster genkendelse, der kan hj\u00e6lpe med blandt andet at forudse begivenheder. Men en hemmelig organisation vil gerne have opfindelsen for sig selv&#8230;<\/p>\n<h4>Om romanen<\/h4>\n<p>Jeg skrev denne roman i 2004 med forts\u00e6ttelse 2006. Den deltog i Science Fiction Cirklens romankonkurrence i 2007, men jeg vandt ikke. Siden har jeg gennemskrevet den, og fors\u00f8gt at f\u00e5 den udgivet. Men som s\u00e5 ofte med science fiction, s\u00e5 er det jo sv\u00e6rt at f\u00e5 anbragt hos et st\u00f8rre forlag. Den har s\u00e5ledes ligget i dvale siden begyndelsen af 2008. Siden da har tiden li&#8217;som indhentet romanen. Som tiden er g\u00e5et er der flere og flere ting jeg b\u00f8r \u00e6ndre for at romanen ikke bliver s\u00e5 gammeldags. S\u00e5ledes er software til ansigtsgenkendelse p\u00e5 internettet ikke nogen nyhed, multiple touch pads (som jeg kaldte gestikularinput) har fundet indpas i dagligdagen, og Island er stort set g\u00e5et konkurs. Og jo l\u00e6ngere jeg venter, jo mere skal jeg \u00e6ndre for at romanen stadig er tidssvarende. Derfor s\u00e6lger jeg den til en uh\u00f8rt lav pris til som selvudgiver..<\/p>\n<p><a href=\"http:\/\/www.x-iansen.dk\/wp-content\/uploads\/2019\/03\/t4nke_xpr1m3nt.pdf\">Hent bogen<\/a><\/p>\n<h4><\/h4>\n<h4>Fejl<\/h4>\n<p>Jeg beklager de stavefejl der m\u00e5tte v\u00e6re, der er ikke noget k\u00e6mpe forlagsapparat bag mig.<\/p>\n","protected":false},"excerpt":{"rendered":"<p>Clement er en kreativ n\u00f8rd. Han er begavet med en matematiske og en kunstneriske evner. Et m\u00f8de med en ber\u00f8mt kunstner og et d\u00f8dsfald, han er vidne til, former hans valg af karriere. I stedet for at forf\u00f8lge sin dr\u00f8m om at blive kunstner, bliver han statistiker. Mens han arbejder p\u00e5 en opgave, opfinder han [&hellip;]<\/p>\n","protected":false},"author":1,"featured_media":0,"parent":506,"menu_order":5,"comment_status":"closed","ping_status":"open","template":"","meta":{"jetpack_post_was_ever_published":false,"footnotes":""},"jetpack_sharing_enabled":true,"jetpack_shortlink":"https:\/\/wp.me\/P6hQ7N-dS","_links":{"self":[{"href":"http:\/\/www.x-iansen.dk\/index.php\/wp-json\/wp\/v2\/pages\/860"}],"collection":[{"href":"http:\/\/www.x-iansen.dk\/index.php\/wp-json\/wp\/v2\/pages"}],"about":[{"href":"http:\/\/www.x-iansen.dk\/index.php\/wp-json\/wp\/v2\/types\/page"}],"author":[{"embeddable":true,"href":"http:\/\/www.x-iansen.dk\/index.php\/wp-json\/wp\/v2\/users\/1"}],"replies":[{"embeddable":true,"href":"http:\/\/www.x-iansen.dk\/index.php\/wp-json\/wp\/v2\/comments?post=860"}],"version-history":[{"count":57,"href":"http:\/\/www.x-iansen.dk\/index.php\/wp-json\/wp\/v2\/pages\/860\/revisions"}],"predecessor-version":[{"id":2572,"href":"http:\/\/www.x-iansen.dk\/index.php\/wp-json\/wp\/v2\/pages\/860\/revisions\/2572"}],"up":[{"embeddable":true,"href":"http:\/\/www.x-iansen.dk\/index.php\/wp-json\/wp\/v2\/pages\/506"}],"wp:attachment":[{"href":"http:\/\/www.x-iansen.dk\/index.php\/wp-json\/wp\/v2\/media?parent=860"}],"curies":[{"name":"wp","href":"https:\/\/api.w.org\/{rel}","templated":true}]}}