{"id":152,"date":"2008-07-08T08:14:20","date_gmt":"2008-07-08T07:14:20","guid":{"rendered":"http:\/\/www.x-iansen.dk\/?page_id=152"},"modified":"2019-08-31T09:25:01","modified_gmt":"2019-08-31T08:25:01","slug":"muffins-afhaengighedsmuffins","status":"publish","type":"page","link":"http:\/\/www.x-iansen.dk\/index.php\/me2\/muffins-afhaengighedsmuffins\/","title":{"rendered":"Muffins (Mettes afh\u00e6ngighedsmuffins)"},"content":{"rendered":"<p>Hvor mange bliver der ud af det? (ca. 30 STORE eller 40 mindre)<\/p>\n<p><strong>Du skal bruge:<\/strong><\/p>\n<ul>\n<li>250 g \u00f8kologisk sm\u00f8r<\/li>\n<li>250 g r\u00f8rsukker<\/li>\n<li>5 \u00e6g<\/li>\n<li>5 dl \u00f8kologisk hvedemel<\/li>\n<li>2 spsk vanille sukker<\/li>\n<li>3 tsk bagepulver<\/li>\n<li>1-2 dl m\u00e6lk<\/li>\n<li>200 g hakket lys chokolade<\/li>\n<li>100 g hakket m\u00f8rk chokolade<\/li>\n<\/ul>\n<p><strong>Fremgangsmetode<\/strong><\/p>\n<ol>\n<li>Sm\u00f8r og sukker r\u00f8res bl\u00f8dt med vanillesukker.<\/li>\n<li>\u00c6ggene r\u00f8res i \u00e9t ad gangen.<\/li>\n<li>Mel og bagepulver blandes og r\u00f8res derefter i.<\/li>\n<li>M\u00e6lk kommes i til at justere konsistensen.<\/li>\n<li>Chokolade vendes i dejen.<\/li>\n<li>Dejen fordeles i 30 muffin forme.<\/li>\n<\/ol>\n<p><strong>Bagetid<\/strong><\/p>\n<p>13-15 minutter ved 200 \u00b0C midt i ovnen<\/p>\n","protected":false},"excerpt":{"rendered":"<p>Hvor mange bliver der ud af det? (ca. 30 STORE eller 40 mindre) Du skal bruge: 250 g \u00f8kologisk sm\u00f8r 250 g r\u00f8rsukker 5 \u00e6g 5 dl \u00f8kologisk hvedemel 2 spsk vanille sukker 3 tsk bagepulver 1-2 dl m\u00e6lk 200 g hakket lys chokolade 100 g hakket m\u00f8rk chokolade Fremgangsmetode Sm\u00f8r og sukker r\u00f8res bl\u00f8dt [&hellip;]<\/p>\n","protected":false},"author":5,"featured_media":0,"parent":66,"menu_order":0,"comment_status":"closed","ping_status":"closed","template":"","meta":{"jetpack_post_was_ever_published":false,"footnotes":""},"jetpack_sharing_enabled":true,"jetpack_shortlink":"https:\/\/wp.me\/P6hQ7N-2s","_links":{"self":[{"href":"http:\/\/www.x-iansen.dk\/index.php\/wp-json\/wp\/v2\/pages\/152"}],"collection":[{"href":"http:\/\/www.x-iansen.dk\/index.php\/wp-json\/wp\/v2\/pages"}],"about":[{"href":"http:\/\/www.x-iansen.dk\/index.php\/wp-json\/wp\/v2\/types\/page"}],"author":[{"embeddable":true,"href":"http:\/\/www.x-iansen.dk\/index.php\/wp-json\/wp\/v2\/users\/5"}],"replies":[{"embeddable":true,"href":"http:\/\/www.x-iansen.dk\/index.php\/wp-json\/wp\/v2\/comments?post=152"}],"version-history":[{"count":4,"href":"http:\/\/www.x-iansen.dk\/index.php\/wp-json\/wp\/v2\/pages\/152\/revisions"}],"predecessor-version":[{"id":1530,"href":"http:\/\/www.x-iansen.dk\/index.php\/wp-json\/wp\/v2\/pages\/152\/revisions\/1530"}],"up":[{"embeddable":true,"href":"http:\/\/www.x-iansen.dk\/index.php\/wp-json\/wp\/v2\/pages\/66"}],"wp:attachment":[{"href":"http:\/\/www.x-iansen.dk\/index.php\/wp-json\/wp\/v2\/media?parent=152"}],"curies":[{"name":"wp","href":"https:\/\/api.w.org\/{rel}","templated":true}]}}